{"id":2120,"date":"2019-06-29T13:43:13","date_gmt":"2019-06-29T11:43:13","guid":{"rendered":"http:\/\/re-scha.de\/laktobazillen\/"},"modified":"2019-06-29T13:48:56","modified_gmt":"2019-06-29T11:48:56","slug":"laktobazillen","status":"publish","type":"page","link":"https:\/\/re-scha.de\/en\/laktobazillen\/","title":{"rendered":"Lactobacillus"},"content":{"rendered":"<p>[et_pb_section][et_pb_row][et_pb_column type=&#8221;4_4&#8243;][et_pb_text admin_label=&#8221;Text&#8221; background_layout=&#8221;light&#8221; text_orientation=&#8221;left&#8221;]<\/p>\n<h2><strong>Ac-i-prim\u00ae with lactobacillus acidophilus<\/strong><\/h2>\n<p>Lactobacilli, also called lactic acid bacteria, are found in abundance. They are the guardians of the small intestine. This means that they ensure that the balance between pathogenic (= disease-causing) and apathogenic (= non disease-causing) bacteria in the body remains stable.<\/p>\n<p>Lactic acid bacteria however can do much more:<\/p>\n<p>In addition to their metabolic product of lactic acid, lactic acid substances, for example, produce many substances that for the most part we do not even understand and cannot supply synthetically to the body. We are only at the beginning of our knowledge concerning these special bacteria. There is currently speculation regarding the human body concerning this: is it the number of calories supplied through food or is it bacteria that have the greatest influence on human body weight!<\/p>\n<p>I have gained many new insights in over 15 years of working with lactic acid bacteria.<\/p>\n<p>It is not only the displacing effects of lactobacilli on disease-causing germs, but also the metabolic performance of these small bacilli that have continually fascinated me.<\/p>\n<p>How they manage to improve the metabolism of food and significantly increase the appetite for food remains a mystery to me to this day. Especially since the higher food intake does not correlate with a higher body fat intake, but on the contrary, builds up more muscle tissue in the body. Better food metabolism also means higher energy potential.<\/p>\n<p>I have also observed that lactobacilli may also influence the metabolism of minerals. Thin-skinned hatching eggs are not necessarily the result of a mineral deficiency. Missing substances (not yet known), which we cannot supply synthetically, but which are produced by lactobacilli, can close the missing links in the mineral balance chain.<\/p>\n<p>There are many other new and interesting findings in the handling of lactic acid bacteria but I will not go into further detail here.<br \/>\nSo I have remained true to my course and rely only on pure lactobacillus (lactobacillus acidophilus), which offers all the beneficial properties that have proven themselves over so many years. The properties of lactobacilli are not the only relevant factors when probiotic products are used. Everything has to fit. The success of a probiotic product also depends to a large extent on the amount of bacteria added. A high number of lactic acid bacteria in the mixture does not mean high bacterial stability at the same time. This stability however is crucial for the success of such a product. What use is it to the user if a high number of bacteria is reported but the mixture does not correspond and careless handling (i.e. lack of packaging equipment and improper storage) of these bacteria results in the number of living bacteria not being present when such products are used?<\/p>\n<p>In 15 years, Re-scha\u00ae has learned how to handle lactobacilli and to control all product-relevant processes in the pharmaceutical sector in such a way that they are as close as possible to the optimum range.<\/p>\n<p>Re-scha\u00b4s\u00ae current new product with the name &#8220;<strong>Ac-i-prim\u00ae<\/strong>\u201c is a straightforward continuation of the former product. <strong>Ac-i-prim\u00ae<\/strong> is currently still designated as a &#8220;food supplement for laying hens and chickens for fattening&#8221;. Re-scha\u00ae and his team are working intensively on the expansion of this lactobacillus acidophilus for all &#8220;minor types&#8221; (= economically irrelevant poultry: e.g. carrier pigeons, exotic birds, pheasants, etc.) in Brussels.<br \/>\nThe high quality standard of <strong>Ac-i-prim\u00ae<\/strong> is corroborated by the testing of a GMP laboratory for the number of living lactobacilli germs in the product. Re-scha\u00ae leaves nothing to chance.<\/p>\n<p>[\/et_pb_text][\/et_pb_column][\/et_pb_row][\/et_pb_section]<\/p>\n","protected":false},"excerpt":{"rendered":"<p><div class=\"et_pb_section et_pb_section_0 et_section_regular\" >\n\t\t\t\t\n\t\t\t\t\n\t\t\t\t\n\t\t\t\t\n\t\t\t\t\n\t\t\t\t\n\t\t\t\t\n\t\t\t\t\n\t\t\t\t\n\t\t\t<\/div><div class=\"et_pb_row et_pb_row_0 et_pb_row_empty\">\n\t\t\t\t\n\t\t\t\t\n\t\t\t\t\n\t\t\t\t\n\t\t\t\t\n\t\t\t<\/div> Ac-i-prim\u00ae with lactobacillus acidophilus Lactobacilli, also called lactic acid bacteria, are found in abundance. They are the guardians of the small intestine. This means that they ensure that the balance between pathogenic (= disease-causing) and apathogenic (= non disease-causing) bacteria in the body remains stable. Lactic acid bacteria however can do much more: In [&hellip;]<\/p>\n","protected":false},"author":1,"featured_media":0,"parent":0,"menu_order":0,"comment_status":"closed","ping_status":"closed","template":"","meta":{"_et_pb_use_builder":"on","_et_pb_old_content":"<h2>Ac-i-prim\u00ae mit lactobacillus acidophilus<\/h2><p>Laktobazillen, auch Milchs\u00e4urebakterien genannt, sind ubiquit\u00e4r vorhanden. Sie sind der W\u00e4chter des D\u00fcnndarms. Das hei\u00dft, sie sorgen daf\u00fcr, dass das Gleichgewicht zwischen pathogenen (=krankmachenden) und apathogenen (=nicht krankmachenden) Bakterien im K\u00f6rper in der Waage bleibt.<\/p><p>Milchs\u00e4urebakterien k\u00f6nnen aber noch viel mehr:<\/p><p>So produzieren Milchs\u00e4urebakterien, au\u00dfer ihrem Stoffwechselprodukt der Milchs\u00e4ure, viele Substanzen, die wir zum gr\u00f6\u00dften Teil noch gar nicht kennen und auch nicht synthetisch dem K\u00f6rper zuf\u00fchren k\u00f6nnen. Wir stehen erst am Anfang mit unserem Wissen um diese speziellen Bakterien. Im humanen Bereich wird momentan dar\u00fcber spekuliert: ist es die zugef\u00fchrte Kalorienzahl \u00fcber die Nahrung oder sind es doch Bakterien, die den gr\u00f6\u00dften Einfluss auf das K\u00f6rpergewicht des Menschen haben!<\/p><p>Viele neue Erkenntnisse habe ich in \u00fcber 15 Jahren im Umgang mit Milchs\u00e4urebakterien gewonnen.<\/p><p>Es sind nicht nur die verdr\u00e4ngenden Effekte von Laktobazillen auf krankmachende Keime, sondern auch vor allem die Stoffwechselleistung dieser kleinen Bazillen, die mich immer wieder in den Bann gezogen haben.<\/p><p>Wie sie es schaffen, dass das Futter besser verstoffwechselt und der Futterappetit deutlich gesteigert wird, bleibt mir bis heute ein R\u00e4tsel. Zumal die h\u00f6here Futteraufnahme nicht mit einem h\u00f6heren K\u00f6rperfettansatz korreliert, sondern es wird ganz im Gegenteil mehr Muskelgewebe im K\u00f6rper aufgebaut. Eine bessere Futter-Verstoffwechselung bedeutet ebenfalls ein h\u00f6heres Energiepotential.<\/p><p>Auch konnte ich beobachten, dass Laktobazillen auch auf den Mineralstoffwechsel Einfluss nehmen k\u00f6nnen. So m\u00fcssen d\u00fcnnschalige Bruteier nicht die Folge eines Mineralstoffdefizites sein. Fehlende Substanzen (bisher nicht bekannte), die wir nicht synthetisch zuf\u00fchren k\u00f6nnen, aber von Laktobazillen produziert werden, k\u00f6nnen die fehlenden Gliederketten im Mineralstoffhaushalt schlie\u00dfen.<\/p><p>Es gibt noch weitere viele neue und interessante Erkenntnisse im Umgang mit Milchs\u00e4urebakterien, auf die ich hier aber nicht weiter eingehen m\u00f6chte.<\/p><p>So bin ich meiner Linie treu geblieben und setze nur auf einen reinen Laktobazillus (lactobacillus acidophilus), der all die guten Eigenschaften bietet, die sich \u00fcber so viele Jahre bestens bew\u00e4hrt haben. Nicht nur die Eigenschaften eines Laktobazillus sind beim Einsatz von probiotischen Produkten relevant. Es muss alles passen. Auch h\u00e4ngt ma\u00dfgeblich der Erfolg eines probiotischen Produktes von der Menge der zugef\u00fchrten Bakterien ab. Eine hohe Anzahl von Milchs\u00e4urebakterien in der Mischung bedeutet nicht gleichzeitig eine hohe Bakterienstabilit\u00e4t. Aber diese Stabilit\u00e4t ist ausschlaggebend f\u00fcr den Erfolg eines derartigen Produktes. Was nutzt es dem Anwender, wenn eine hohe Bakterienzahl deklariert ist, aber die Mischung nicht passt und der sorglose Umgang (sprich: fehlendes Verpackungsequipment und unsachgem\u00e4\u00dfe Lagerung) mit diesen Bakterien dazu f\u00fchrt, dass beim Einsatz derartiger Produkte die Anzahl der lebenden Bakterien gar nicht vorhanden ist.<\/p><p>Re-scha\u00ae hat im Umgang mit Laktobazillen in 15 Jahren und das im Pharmabereich gelernt alle produktrelevanten Prozesse so zu steuern, dass sie m\u00f6glichst im optimalen Bereich liegen.<\/p><p>Re-scha\u00b4s\u00ae aktuell neue Produkt mit dem Namen \u201e<strong>Ac-i-prim\u00ae<\/strong>\u201c kn\u00fcpft dabei schn\u00f6rkellos an das Vorg\u00e4ngerprodukt an. <strong>Ac-i-prim\u00ae<\/strong> ist momentan noch deklariert als \u201eErg\u00e4nzungsfuttermittel f\u00fcr Legehennen und Masth\u00fchner\u201c. Re-scha\u00ae und sein Team arbeitet mit Hochdruck an der Ausweitung dieses lactobacillus acidophilus f\u00fcr s\u00e4mtliche \u201eMinor-Typen\u201c (= wirtschaftlich nicht relevantes Gefl\u00fcgel: wie z.B. Brieftauben, Zierv\u00f6gel, fasanenartige V\u00f6gel, etc.) in Br\u00fcssel.<\/p><p>Der hohe Qualit\u00e4tsstandard dieses <strong>Ac-i-prim\u00b4s\u00ae<\/strong> wird untermauert durch die Pr\u00fcfung eines GMP-Labors auf die Anzahl lebender Laktobazillenkeime im Produkt. Re-scha\u00ae \u00fcberl\u00e4sst nichts dem Zufall.<\/p>","_et_gb_content_width":"","footnotes":""},"class_list":["post-2120","page","type-page","status-publish","hentry"],"_links":{"self":[{"href":"https:\/\/re-scha.de\/en\/wp-json\/wp\/v2\/pages\/2120","targetHints":{"allow":["GET"]}}],"collection":[{"href":"https:\/\/re-scha.de\/en\/wp-json\/wp\/v2\/pages"}],"about":[{"href":"https:\/\/re-scha.de\/en\/wp-json\/wp\/v2\/types\/page"}],"author":[{"embeddable":true,"href":"https:\/\/re-scha.de\/en\/wp-json\/wp\/v2\/users\/1"}],"replies":[{"embeddable":true,"href":"https:\/\/re-scha.de\/en\/wp-json\/wp\/v2\/comments?post=2120"}],"version-history":[{"count":3,"href":"https:\/\/re-scha.de\/en\/wp-json\/wp\/v2\/pages\/2120\/revisions"}],"predecessor-version":[{"id":2125,"href":"https:\/\/re-scha.de\/en\/wp-json\/wp\/v2\/pages\/2120\/revisions\/2125"}],"wp:attachment":[{"href":"https:\/\/re-scha.de\/en\/wp-json\/wp\/v2\/media?parent=2120"}],"curies":[{"name":"wp","href":"https:\/\/api.w.org\/{rel}","templated":true}]}}