{"id":437,"date":"2014-02-04T20:19:04","date_gmt":"2014-02-04T18:19:04","guid":{"rendered":"http:\/\/re-scha.de\/test-2\/"},"modified":"2026-03-26T14:02:00","modified_gmt":"2026-03-26T13:02:00","slug":"test","status":"publish","type":"page","link":"https:\/\/re-scha.de\/en\/","title":{"rendered":"Startseite"},"content":{"rendered":"<p>[et_pb_section fb_built=&#8221;1&#8243; fullwidth=&#8221;on&#8221; _builder_version=&#8221;4.16&#8243; background_color=&#8221;#2ea3f2&#8243; width=&#8221;100%&#8221; module_alignment=&#8221;center&#8221; saved_tabs=&#8221;all&#8221; locked=&#8221;off&#8221; global_colors_info=&#8221;{}&#8221;][et_pb_fullwidth_slider use_bg_overlay=&#8221;off&#8221; use_text_overlay=&#8221;off&#8221; admin_label=&#8221;Fullwidth Slider&#8221; module_class=&#8221;slider-text&#8221; _builder_version=&#8221;4.27.4&#8243; width=&#8221;100%&#8221; max_width=&#8221;100%&#8221; max_width_last_edited=&#8221;off|desktop&#8221; module_alignment=&#8221;center&#8221; content_width=&#8221;50%&#8221; height=&#8221;350px&#8221; max_height=&#8221;350px&#8221; custom_margin=&#8221;|||-183px||&#8221; custom_padding=&#8221;|19px||||&#8221; custom_padding_tablet=&#8221;|||&#8221; custom_padding_phone=&#8221;|||&#8221; auto=&#8221;on&#8221; auto_speed=&#8221;3000&#8243; header_text_shadow_style=&#8221;preset2&#8243; box_shadow_style=&#8221;preset6&#8243; box_shadow_blur=&#8221;10px&#8221; box_shadow_color=&#8221;rgba(0,0,0,0.1)&#8221; show_inner_shadow=&#8221;on&#8221; global_colors_info=&#8221;{}&#8221; button_text_size__hover_enabled=&#8221;off&#8221; button_one_text_size__hover_enabled=&#8221;off&#8221; button_two_text_size__hover_enabled=&#8221;off&#8221; button_text_color__hover_enabled=&#8221;off&#8221; button_one_text_color__hover_enabled=&#8221;off&#8221; button_two_text_color__hover_enabled=&#8221;off&#8221; button_border_width__hover_enabled=&#8221;off&#8221; button_one_border_width__hover_enabled=&#8221;off&#8221; button_two_border_width__hover_enabled=&#8221;off&#8221; button_border_color__hover_enabled=&#8221;off&#8221; button_one_border_color__hover_enabled=&#8221;off&#8221; button_two_border_color__hover_enabled=&#8221;off&#8221; button_border_radius__hover_enabled=&#8221;off&#8221; button_one_border_radius__hover_enabled=&#8221;off&#8221; button_two_border_radius__hover_enabled=&#8221;off&#8221; button_letter_spacing__hover_enabled=&#8221;off&#8221; button_one_letter_spacing__hover_enabled=&#8221;off&#8221; button_two_letter_spacing__hover_enabled=&#8221;off&#8221; button_bg_color__hover_enabled=&#8221;off&#8221; button_one_bg_color__hover_enabled=&#8221;off&#8221; button_two_bg_color__hover_enabled=&#8221;off&#8221; max_width__hover_enabled=&#8221;on|desktop&#8221; max_width__hover=&#8221;100%&#8221;][et_pb_slide heading=&#8221;NEW: Products for dogs and cats&#8221; button_text=&#8221;more&#8221; button_link=&#8221;https:\/\/re-scha.de\/en\/product-category\/dogs_cats\/&#8221; _builder_version=&#8221;4.27.4&#8243; background_color=&#8221;#ffffff&#8221; background_image=&#8221;https:\/\/re-scha.de\/wp-content\/uploads\/2025\/02\/slides_hund_katze.jpg&#8221; background_enable_image=&#8221;on&#8221; global_colors_info=&#8221;{}&#8221; button_text_size__hover_enabled=&#8221;off&#8221; button_one_text_size__hover_enabled=&#8221;off&#8221; button_two_text_size__hover_enabled=&#8221;off&#8221; button_text_color__hover_enabled=&#8221;off&#8221; button_one_text_color__hover_enabled=&#8221;off&#8221; button_two_text_color__hover_enabled=&#8221;off&#8221; button_border_width__hover_enabled=&#8221;off&#8221; button_one_border_width__hover_enabled=&#8221;off&#8221; button_two_border_width__hover_enabled=&#8221;off&#8221; button_border_color__hover_enabled=&#8221;off&#8221; button_one_border_color__hover_enabled=&#8221;off&#8221; button_two_border_color__hover_enabled=&#8221;off&#8221; button_border_radius__hover_enabled=&#8221;off&#8221; button_one_border_radius__hover_enabled=&#8221;off&#8221; button_two_border_radius__hover_enabled=&#8221;off&#8221; button_letter_spacing__hover_enabled=&#8221;off&#8221; button_one_letter_spacing__hover_enabled=&#8221;off&#8221; button_two_letter_spacing__hover_enabled=&#8221;off&#8221; button_bg_color__hover_enabled=&#8221;off&#8221; button_one_bg_color__hover_enabled=&#8221;off&#8221; button_two_bg_color__hover_enabled=&#8221;off&#8221; sticky_transition=&#8221;on&#8221;][\/et_pb_slide][et_pb_slide heading=&#8221;Products for ornamental birds&#8221; button_text=&#8221;more&#8221; button_link=&#8221;https:\/\/re-scha.de\/en\/product-category\/ornamental-birds\/&#8221; _builder_version=&#8221;4.18.0&#8243; background_color=&#8221;#ffffff&#8221; background_image=&#8221;https:\/\/re-scha.de\/wp-content\/uploads\/2014\/02\/slides_voegel2.jpg&#8221; global_colors_info=&#8221;{}&#8221; button_text_size__hover_enabled=&#8221;off&#8221; button_one_text_size__hover_enabled=&#8221;off&#8221; button_two_text_size__hover_enabled=&#8221;off&#8221; button_text_color__hover_enabled=&#8221;off&#8221; button_one_text_color__hover_enabled=&#8221;off&#8221; button_two_text_color__hover_enabled=&#8221;off&#8221; button_border_width__hover_enabled=&#8221;off&#8221; button_one_border_width__hover_enabled=&#8221;off&#8221; button_two_border_width__hover_enabled=&#8221;off&#8221; button_border_color__hover_enabled=&#8221;off&#8221; button_one_border_color__hover_enabled=&#8221;off&#8221; button_two_border_color__hover_enabled=&#8221;off&#8221; button_border_radius__hover_enabled=&#8221;off&#8221; button_one_border_radius__hover_enabled=&#8221;off&#8221; button_two_border_radius__hover_enabled=&#8221;off&#8221; button_letter_spacing__hover_enabled=&#8221;off&#8221; button_one_letter_spacing__hover_enabled=&#8221;off&#8221; button_two_letter_spacing__hover_enabled=&#8221;off&#8221; button_bg_color__hover_enabled=&#8221;off&#8221; button_one_bg_color__hover_enabled=&#8221;off&#8221; button_two_bg_color__hover_enabled=&#8221;off&#8221; sticky_transition=&#8221;on&#8221;][\/et_pb_slide][et_pb_slide heading=&#8221;Products for flying pigeons&#8221; button_text=&#8221;more&#8221; button_link=&#8221;https:\/\/re-scha.de\/en\/product-category\/pigeons\/&#8221; _builder_version=&#8221;4.18.0&#8243; background_color=&#8221;#ffffff&#8221; background_image=&#8221;https:\/\/re-scha.de\/wp-content\/uploads\/2014\/02\/slides_taube2.jpg&#8221; global_colors_info=&#8221;{}&#8221; button_text_size__hover_enabled=&#8221;off&#8221; button_one_text_size__hover_enabled=&#8221;off&#8221; button_two_text_size__hover_enabled=&#8221;off&#8221; button_text_color__hover_enabled=&#8221;off&#8221; button_one_text_color__hover_enabled=&#8221;off&#8221; button_two_text_color__hover_enabled=&#8221;off&#8221; button_border_width__hover_enabled=&#8221;off&#8221; button_one_border_width__hover_enabled=&#8221;off&#8221; button_two_border_width__hover_enabled=&#8221;off&#8221; button_border_color__hover_enabled=&#8221;off&#8221; button_one_border_color__hover_enabled=&#8221;off&#8221; button_two_border_color__hover_enabled=&#8221;off&#8221; button_border_radius__hover_enabled=&#8221;off&#8221; button_one_border_radius__hover_enabled=&#8221;off&#8221; button_two_border_radius__hover_enabled=&#8221;off&#8221; button_letter_spacing__hover_enabled=&#8221;off&#8221; button_one_letter_spacing__hover_enabled=&#8221;off&#8221; button_two_letter_spacing__hover_enabled=&#8221;off&#8221; button_bg_color__hover_enabled=&#8221;off&#8221; button_one_bg_color__hover_enabled=&#8221;off&#8221; button_two_bg_color__hover_enabled=&#8221;off&#8221; sticky_transition=&#8221;on&#8221;][\/et_pb_slide][et_pb_slide heading=&#8221;Products for ornamental birds&#8221; button_text=&#8221;more&#8221; button_link=&#8221;https:\/\/re-scha.de\/en\/product-category\/ornamental-birds\/&#8221; _builder_version=&#8221;4.18.0&#8243; background_color=&#8221;#ffffff&#8221; background_image=&#8221;https:\/\/re-scha.de\/wp-content\/uploads\/2018\/03\/slides_voegel7.jpg&#8221; global_colors_info=&#8221;{}&#8221; button_text_size__hover_enabled=&#8221;off&#8221; button_one_text_size__hover_enabled=&#8221;off&#8221; button_two_text_size__hover_enabled=&#8221;off&#8221; button_text_color__hover_enabled=&#8221;off&#8221; button_one_text_color__hover_enabled=&#8221;off&#8221; button_two_text_color__hover_enabled=&#8221;off&#8221; button_border_width__hover_enabled=&#8221;off&#8221; button_one_border_width__hover_enabled=&#8221;off&#8221; button_two_border_width__hover_enabled=&#8221;off&#8221; button_border_color__hover_enabled=&#8221;off&#8221; button_one_border_color__hover_enabled=&#8221;off&#8221; button_two_border_color__hover_enabled=&#8221;off&#8221; button_border_radius__hover_enabled=&#8221;off&#8221; button_one_border_radius__hover_enabled=&#8221;off&#8221; button_two_border_radius__hover_enabled=&#8221;off&#8221; button_letter_spacing__hover_enabled=&#8221;off&#8221; button_one_letter_spacing__hover_enabled=&#8221;off&#8221; button_two_letter_spacing__hover_enabled=&#8221;off&#8221; button_bg_color__hover_enabled=&#8221;off&#8221; button_one_bg_color__hover_enabled=&#8221;off&#8221; button_two_bg_color__hover_enabled=&#8221;off&#8221; sticky_transition=&#8221;on&#8221;][\/et_pb_slide][et_pb_slide heading=&#8221;Products for quails and pheasants&#8221; button_text=&#8221;more&#8221; button_link=&#8221;https:\/\/re-scha.de\/en\/product-category\/quails-pheasants\/&#8221; _builder_version=&#8221;4.18.0&#8243; background_color=&#8221;#ffffff&#8221; background_image=&#8221;https:\/\/re-scha.de\/wp-content\/uploads\/2022\/08\/slides_wachtel_fasane.jpg&#8221; background_enable_image=&#8221;on&#8221; global_colors_info=&#8221;{}&#8221; button_text_size__hover_enabled=&#8221;off&#8221; button_one_text_size__hover_enabled=&#8221;off&#8221; button_two_text_size__hover_enabled=&#8221;off&#8221; button_text_color__hover_enabled=&#8221;off&#8221; button_one_text_color__hover_enabled=&#8221;off&#8221; button_two_text_color__hover_enabled=&#8221;off&#8221; button_border_width__hover_enabled=&#8221;off&#8221; button_one_border_width__hover_enabled=&#8221;off&#8221; button_two_border_width__hover_enabled=&#8221;off&#8221; button_border_color__hover_enabled=&#8221;off&#8221; button_one_border_color__hover_enabled=&#8221;off&#8221; button_two_border_color__hover_enabled=&#8221;off&#8221; button_border_radius__hover_enabled=&#8221;off&#8221; button_one_border_radius__hover_enabled=&#8221;off&#8221; button_two_border_radius__hover_enabled=&#8221;off&#8221; button_letter_spacing__hover_enabled=&#8221;off&#8221; button_one_letter_spacing__hover_enabled=&#8221;off&#8221; button_two_letter_spacing__hover_enabled=&#8221;off&#8221; button_bg_color__hover_enabled=&#8221;off&#8221; button_one_bg_color__hover_enabled=&#8221;off&#8221; button_two_bg_color__hover_enabled=&#8221;off&#8221; sticky_transition=&#8221;on&#8221;][\/et_pb_slide][et_pb_slide heading=&#8221;Products for ornamental birds&#8221; button_text=&#8221;more&#8221; button_link=&#8221;https:\/\/re-scha.de\/en\/product-category\/ornamental-birds\/&#8221; _builder_version=&#8221;4.18.0&#8243; background_color=&#8221;#ffffff&#8221; background_image=&#8221;https:\/\/re-scha.de\/wp-content\/uploads\/2014\/02\/slides_papagei3.jpg&#8221; global_colors_info=&#8221;{}&#8221; button_text_size__hover_enabled=&#8221;off&#8221; button_one_text_size__hover_enabled=&#8221;off&#8221; button_two_text_size__hover_enabled=&#8221;off&#8221; button_text_color__hover_enabled=&#8221;off&#8221; button_one_text_color__hover_enabled=&#8221;off&#8221; button_two_text_color__hover_enabled=&#8221;off&#8221; button_border_width__hover_enabled=&#8221;off&#8221; button_one_border_width__hover_enabled=&#8221;off&#8221; button_two_border_width__hover_enabled=&#8221;off&#8221; button_border_color__hover_enabled=&#8221;off&#8221; button_one_border_color__hover_enabled=&#8221;off&#8221; button_two_border_color__hover_enabled=&#8221;off&#8221; button_border_radius__hover_enabled=&#8221;off&#8221; button_one_border_radius__hover_enabled=&#8221;off&#8221; button_two_border_radius__hover_enabled=&#8221;off&#8221; button_letter_spacing__hover_enabled=&#8221;off&#8221; button_one_letter_spacing__hover_enabled=&#8221;off&#8221; button_two_letter_spacing__hover_enabled=&#8221;off&#8221; button_bg_color__hover_enabled=&#8221;off&#8221; button_one_bg_color__hover_enabled=&#8221;off&#8221; button_two_bg_color__hover_enabled=&#8221;off&#8221; sticky_transition=&#8221;on&#8221;][\/et_pb_slide][\/et_pb_fullwidth_slider][\/et_pb_section][et_pb_section fb_built=&#8221;1&#8243; _builder_version=&#8221;4.16&#8243; global_colors_info=&#8221;{}&#8221;][et_pb_row column_structure=&#8221;1_2,1_2&#8243; _builder_version=&#8221;4.18.0&#8243; background_size=&#8221;initial&#8221; background_position=&#8221;top_left&#8221; background_repeat=&#8221;repeat&#8221; custom_padding=&#8221;15px|||||&#8221; global_colors_info=&#8221;{}&#8221;][et_pb_column type=&#8221;1_2&#8243; _builder_version=&#8221;4.18.0&#8243; _module_preset=&#8221;default&#8221; global_colors_info=&#8221;{}&#8221;][et_pb_text admin_label=&#8221;Text&#8221; module_class=&#8221;re-scha-article&#8221; _builder_version=&#8221;4.24.3&#8243; background_size=&#8221;initial&#8221; background_position=&#8221;top_left&#8221; background_repeat=&#8221;repeat&#8221; global_colors_info=&#8221;{}&#8221;]<\/p>\n<h2><b>News:<\/b><\/h2>\n<p><span>The re-scha<\/span><span>\u00ae<\/span><span> range includes exclusively sensible, innovative nutritional products that are based on an uncompromising concept. Right from the moment when raw materials and active ingredients are selected, Re-scha<\/span><span>\u00ae<\/span><span> pays attention to peak quality. The ingredients are combined in the most effective manner according to experience. This results in these outstanding products that offer unique characteristics in all known functional areas. Re-scha<\/span><span>\u00ae <\/span><span>is not oriented towards the market the way others are (&#8220;what sells well&#8221;). As a result, there are good reasons why iron and iodine preparations, disinfectants for drinking water (based on chlorine or organic acids), oregano and Usnea barbata products are not included in re-schas<\/span><span>\u00ae<\/span><span> product range. <\/span><\/p>\n<p><span>One milestone to support vitality is Ac-i-prim<\/span><span>\u00ae <\/span><span>which includes important, probiotic lactic acid bacteria (or lactobacilli). The lactic acid bacterial strain contained in Ac-i-prim<\/span><span>\u00ae <\/span><span>is <strong>lactobacillus acidophilus<\/strong>. The European Authority has classified this lactobacillus acidophilus in the category &#8220;zootechnical additives&#8221; and in the functional group &#8220;intestinal stabilisers&#8221; on the basis of extensive scientific studies for approval. For the sale of this lactobacillus acidophilus in the Ac-i-prim<\/span><span>\u00ae<\/span><span> product, re-scha<\/span><span>\u00ae<\/span><span> has exclusive rights for the following target species: all ornamental birds, flying pigeons, quails and pheasants. Ac-i-prim<\/span><span>\u00ae <\/span><span>incorporates the only live strain of lactic acid bacteria that is approved in the EU from lactobacillus acidophilus for the above target species. Ac-i-prim<\/span><span>\u00ae<\/span><span> is intended as a nutritional supplement feed for all ornamental birds, flying pigeons, quails and pheasants.<\/span><\/p>\n<p><span>In dealing with living and probiotically active lactobacilli, re-scha<\/span><span>\u00ae<\/span><span> can now look back on almost 20 years of experience. This means that in creating Ac-i-prim<\/span><span>\u00ae<\/span><span>, re-scha<\/span><span>\u00ae<\/span><span> has produced a product that meets the highest requirements.<\/span><\/p>\n<p><span>You can find more fascinating details about Ac-i-prim<\/span><span>\u00ae<\/span><span> in the Ac-i-prim<\/span><span>\u00ae<\/span><span> product information.<\/span><\/p>\n<p>Yours<\/p>\n<p><b>Dipl-Ing. agr. Ulrich Sch\u00e4fer<br \/>Chief executive and Production manager<\/b><\/p>\n<p>[\/et_pb_text][\/et_pb_column][et_pb_column type=&#8221;1_2&#8243; _builder_version=&#8221;4.16&#8243; custom_padding=&#8221;|||&#8221; global_colors_info=&#8221;{}&#8221; custom_padding__hover=&#8221;|||&#8221;][et_pb_image src=&#8221;https:\/\/re-scha.de\/wp-content\/uploads\/2025\/02\/2025-02_reutasin_en-1.png&#8221; title_text=&#8221;2025-02_reutasin_en&#8221; _builder_version=&#8221;4.27.4&#8243; _module_preset=&#8221;default&#8221; width=&#8221;60%&#8221; global_colors_info=&#8221;{}&#8221;][\/et_pb_image][et_pb_image src=&#8221;https:\/\/re-scha.de\/wp-content\/uploads\/2023\/03\/banner_aci-prim_en.png&#8221; title_text=&#8221;banner_aci-prim_en&#8221; _builder_version=&#8221;4.22.1&#8243; _module_preset=&#8221;default&#8221; global_colors_info=&#8221;{}&#8221;][\/et_pb_image][et_pb_image src=&#8221;https:\/\/re-scha.de\/wp-content\/uploads\/2022\/10\/2022-10_aciprim-200g.png&#8221; title_text=&#8221;2022-10_aciprim-200g&#8221; _builder_version=&#8221;4.22.1&#8243; _module_preset=&#8221;default&#8221; max_width=&#8221;50%&#8221; global_colors_info=&#8221;{}&#8221;][\/et_pb_image][et_pb_text _builder_version=&#8221;4.22.1&#8243; _module_preset=&#8221;default&#8221; global_colors_info=&#8221;{}&#8221;]<\/p>\n<h3><strong>re-scha&#8217;s exclusive distributor for Poland:<\/strong><\/h3>\n<p>&nbsp;<\/p>\n<p>[\/et_pb_text][et_pb_image src=&#8221;https:\/\/re-scha.de\/wp-content\/uploads\/2023\/09\/partner_duivex3.png&#8221; title_text=&#8221;partner_duivex3&#8243; url=&#8221;https:\/\/duivex.pl&#8221; url_new_window=&#8221;on&#8221; _builder_version=&#8221;4.22.1&#8243; _module_preset=&#8221;default&#8221; width=&#8221;60%&#8221; global_colors_info=&#8221;{}&#8221;][\/et_pb_image][et_pb_text _builder_version=&#8221;4.22.1&#8243; _module_preset=&#8221;default&#8221; global_colors_info=&#8221;{}&#8221;]<\/p>\n<p><strong>Contact:<\/strong><\/p>\n<p><strong>Duivex<\/strong><br \/>Joanna Grelka<br \/>ul. Nadbobrza\u0144ska 9<br \/>66-615 Gola<br \/><strong>Tel.:<\/strong><span>\u00a0<\/span>+48 502 55 80 50<br \/><strong>E-Mail:<\/strong><span>\u00a0<\/span><a href=\"mailto:sklep@duivex.pl\">sklep@duivex.pl<\/a><br \/><strong>Web:<\/strong><span>\u00a0<\/span><a href=\"http:\/\/www.duivex.pl\/\">www.duivex.pl<\/a><\/p>\n<p>[\/et_pb_text][\/et_pb_column][\/et_pb_row][et_pb_row _builder_version=&#8221;4.16&#8243; background_size=&#8221;initial&#8221; background_position=&#8221;top_left&#8221; background_repeat=&#8221;repeat&#8221; global_colors_info=&#8221;{}&#8221;][et_pb_column type=&#8221;4_4&#8243; _builder_version=&#8221;4.16&#8243; custom_padding=&#8221;|||&#8221; global_colors_info=&#8221;{}&#8221; custom_padding__hover=&#8221;|||&#8221;][et_pb_text admin_label=&#8221;Text&#8221; _builder_version=&#8221;4.16&#8243; background_size=&#8221;initial&#8221; background_position=&#8221;top_left&#8221; background_repeat=&#8221;repeat&#8221; global_colors_info=&#8221;{}&#8221;]<\/p>\n<h2><b> Our customers about re-scha:<\/b><\/h2>\n<p>[\/et_pb_text][\/et_pb_column][\/et_pb_row][et_pb_row column_structure=&#8221;1_4,1_4,1_4,1_4&#8243; _builder_version=&#8221;4.27.4&#8243; background_size=&#8221;initial&#8221; background_position=&#8221;top_left&#8221; background_repeat=&#8221;repeat&#8221; global_colors_info=&#8221;{}&#8221;][et_pb_column type=&#8221;1_4&#8243; _builder_version=&#8221;4.27.4&#8243; custom_padding=&#8221;|||&#8221; global_colors_info=&#8221;{}&#8221; custom_padding__hover=&#8221;|||&#8221;][et_pb_text admin_label=&#8221;Text&#8221; _builder_version=&#8221;4.27.4&#8243; background_size=&#8221;initial&#8221; background_position=&#8221;top_left&#8221; background_repeat=&#8221;repeat&#8221; global_colors_info=&#8221;{}&#8221;]<\/p>\n<p>MVDr. Helena Vaidlov\u00e1:<\/p>\n<p><b><i>\u201eWe have been using Poly-min for many species of birds during the breeding period for many years. Compared to history, now we don\u00b4t have any problems with egg binding and pathological fractures in youngs even in very sensitive birds. It&#8217;s very effective and easy to use.\u201c<\/i><\/b><\/p>\n<p>[\/et_pb_text][\/et_pb_column][et_pb_column type=&#8221;1_4&#8243; _builder_version=&#8221;4.16&#8243; custom_padding=&#8221;|||&#8221; global_colors_info=&#8221;{}&#8221; custom_padding__hover=&#8221;|||&#8221;][et_pb_text admin_label=&#8221;Text&#8221; _builder_version=&#8221;4.16&#8243; background_size=&#8221;initial&#8221; background_position=&#8221;top_left&#8221; background_repeat=&#8221;repeat&#8221; global_colors_info=&#8221;{}&#8221;]Pricewright and parakeet breeder<br \/>\nMarkus Glatz (from Austria):<\/p>\n<p><b><i>\u201ePerfectly healthy budgies \u2013 Polyoma virus attacks are a thing of the past\u201c<\/i><\/b><br \/>\n<a href=\"anwendungsbericht-immun-o-flash\">more &gt;<\/a><br \/>\n[\/et_pb_text][\/et_pb_column][et_pb_column type=&#8221;1_4&#8243; _builder_version=&#8221;4.16&#8243; custom_padding=&#8221;|||&#8221; global_colors_info=&#8221;{}&#8221; custom_padding__hover=&#8221;|||&#8221;][et_pb_text admin_label=&#8221;Text&#8221; _builder_version=&#8221;4.16&#8243; background_size=&#8221;initial&#8221; background_position=&#8221;top_left&#8221; background_repeat=&#8221;repeat&#8221; global_colors_info=&#8221;{}&#8221;]Champion<br \/>\nTino Bergemann:<\/p>\n<p><b><i>\u201e<span id=\"result_box\" class=\"short_text\" lang=\"en\"><span class=\"\">My pigeons can make it to Moscow and back again with re-scha products.<\/span><\/span>\u201c<\/i><\/b><\/p>\n<p><a href=\"https:\/\/re-scha.de\/partner-kunden\/\">more &gt;<\/a><br \/>\n[\/et_pb_text][\/et_pb_column][et_pb_column type=&#8221;1_4&#8243; _builder_version=&#8221;4.27.4&#8243; _module_preset=&#8221;default&#8221; global_colors_info=&#8221;{}&#8221;][et_pb_text admin_label=&#8221;Text&#8221; _builder_version=&#8221;4.16&#8243; background_size=&#8221;initial&#8221; background_position=&#8221;top_left&#8221; background_repeat=&#8221;repeat&#8221; global_colors_info=&#8221;{}&#8221;]Kanary raiser<br \/>\nManfred Jezek:<\/p>\n<p><b><i>\u201eAll hatched canaries in the best of health. Finally, a success after five years!\u201c<\/i><\/b><\/p>\n<p><a href=\"anwendungsbericht-immun-o-flashpt-12\">more &gt;<\/a><br \/>\n[\/et_pb_text][\/et_pb_column][\/et_pb_row][\/et_pb_section]<\/p>\n","protected":false},"excerpt":{"rendered":"<p>News: The re-scha\u00ae range includes exclusively sensible, innovative nutritional products that are based on an uncompromising concept. Right from the moment when raw materials and active ingredients are selected, Re-scha\u00ae pays attention to peak quality. The ingredients are combined in the most effective manner according to experience. This results in these outstanding products that offer [&hellip;]<\/p>\n","protected":false},"author":1,"featured_media":0,"parent":0,"menu_order":0,"comment_status":"closed","ping_status":"closed","template":"","meta":{"_et_pb_use_builder":"on","_et_pb_old_content":"<h4>Willkommen in der re-scha Tierwelt!<\/h4><p>Die re-scha-Ern\u00e4hrungspalette umfasst sinnvolle, in der Konzeption kompromisslose Produkte. Die Qualit\u00e4t der Produkte beginnt mit der Auswahl der richtigen Roh- und Wirkstoffe. Jahrzehntelange Erfahrung f\u00fchrte dazu, dass Roh- und Wirkstoffe wie ein Puzzle zusammengesetzt werden und im Endprodukt eine Einheit bilden. Ebenfalls wird gro\u00dfer Wert darauf gelegt, dass sich die verschiedenen Produkte in ihrer Wirkung erg\u00e4nzen.<\/p><p>Neben der Herstellung von Nahrungserg\u00e4nzungsmitteln hat sich re-scha auf die Herstellung und den Vertrieb von biologischen Arzneimitteln spezialisiert. Die notwendige Einhaltung der gesetzlichen Rahmenbedingungen (d.h. Herstellung nach GMP-Richtlinien, GMP= gute Herstellungspraxis) haben re-scha im Jahr 2004 dazu bewogen, selbst Arzneimittel (biologischer Beschaffenheit mit hochwirksamen Laktobazillen als Wirksubstanz) herstellen zu lassen.<\/p><p>Herzliche Gr\u00fc\u00dfe<\/p><p>Ihr Dipl-Ing. agr. Ulrich Sch\u00e4fer<br \/> Gesch\u00e4ftsf\u00fchrer und Leiter der Herstellung<\/p>","_et_gb_content_width":"","footnotes":""},"class_list":["post-437","page","type-page","status-publish","hentry"],"_links":{"self":[{"href":"https:\/\/re-scha.de\/en\/wp-json\/wp\/v2\/pages\/437","targetHints":{"allow":["GET"]}}],"collection":[{"href":"https:\/\/re-scha.de\/en\/wp-json\/wp\/v2\/pages"}],"about":[{"href":"https:\/\/re-scha.de\/en\/wp-json\/wp\/v2\/types\/page"}],"author":[{"embeddable":true,"href":"https:\/\/re-scha.de\/en\/wp-json\/wp\/v2\/users\/1"}],"replies":[{"embeddable":true,"href":"https:\/\/re-scha.de\/en\/wp-json\/wp\/v2\/comments?post=437"}],"version-history":[{"count":87,"href":"https:\/\/re-scha.de\/en\/wp-json\/wp\/v2\/pages\/437\/revisions"}],"predecessor-version":[{"id":5517,"href":"https:\/\/re-scha.de\/en\/wp-json\/wp\/v2\/pages\/437\/revisions\/5517"}],"wp:attachment":[{"href":"https:\/\/re-scha.de\/en\/wp-json\/wp\/v2\/media?parent=437"}],"curies":[{"name":"wp","href":"https:\/\/api.w.org\/{rel}","templated":true}]}}