{"id":825,"date":"2014-11-25T16:16:26","date_gmt":"2014-11-25T14:16:26","guid":{"rendered":"http:\/\/re-scha.de\/anwendungsbericht-immun-o-flash\/"},"modified":"2017-03-27T21:28:46","modified_gmt":"2017-03-27T19:28:46","slug":"application-report-immun-o-flash","status":"publish","type":"page","link":"https:\/\/re-scha.de\/en\/application-report-immun-o-flash\/","title":{"rendered":"Application report Immun-o-flash"},"content":{"rendered":"<p>[et_pb_section][et_pb_row][et_pb_column type=&#8221;2_3&#8243;][et_pb_text admin_label=&#8221;Text&#8221; background_layout=&#8221;light&#8221; text_orientation=&#8221;left&#8221;]<\/p>\n<p><strong>Markus Glatz from Austria: perfectly healthy budgies<\/strong><\/p>\n<p><strong>Polyoma virus attacks are a thing of the past<\/strong><\/p>\n<p>Polyoma virus attacks are a thing of the pastMy name is Markus Glatz, since 1999 I&#8217;ve been breeding budgies. I have always paid attention to a healthy, natural diet, and until 2009 it all went smoothly. In 2010, however, the first problems cropped up. I had more and more coursers, time and again nestlings died. Of course, many birds were perfectly sound \u2013 merry and extremely oviparous. Still, I worried and was looking for help. In doing so, I came across re-scha and Dipl. Ing. agr. Ulrich Sch\u00e4fer from Germany.<\/p>\n<p>He recommended PT12 to me \u2013 a high-potency pharmaceutical based on lactobacilli. The birds reacted favorably, and at the same time, Mr. Sch\u00e4fer recommended to send the dead nestlings to an institute and have them screened for Polyoma viruses. Therefore, I sent the dead nestlings to the University of Veterinary Medicine of Vienna. The medical evidence confirmed Mr. Sch\u00e4fer&#8217;s previous assumptions.<\/p>\n<p>Subsequently,\u00a0 Dipl.-Ing. agr. Sch\u00e4fer provided me with a compound for a strong immune system which he had been testing for three years already &#8211; \u201eImmun-o-flash\u201c. It is administered via grain feed. The birds again reacted favorably. The breeding proceeded very well, and by the end of the season I had achieved successes \u2013 180 young birds, without any noteworthy losses.<br \/>\nAs a last point, I once again had my budgies screened for the Polyoma virus \u2013 as one would expect, the result was negative. Last, but not least: my breed is now under constant veterinary medical supervision \u2013 and my animals are perfectly healthy.<\/p>\n<p>I am truly grateful to Dipl.-Ing. agr. Sch\u00e4fer, and I can only recommend Immun-o-flash to every breeder. Now, I continue applying products of Dipl.-Ing. agr. Sch\u00e4fer: Frutin, Frucht-mash, Sintra, Poly-min, Panta 20 \u2013 all of which can and should be integrated into the daily feeding, as they increase the birds&#8217; wellbeing and vitality.<\/p>\n<p>Finally, a few words concerning my person: I was born in 1973 and I have a five-year-old son. In 2008, I successfully passed the adjudicator exam for budgies, parakeets and parrots. I&#8217;m an active member of several clubs. Of course, as fancy budgie breeder, I am a member of the \u00d6WV (\u00d6sterreichischer Wellensittich Verband). I am also a member of the \u00d6KB (\u00d6sterreischischer Kanarienz\u00fcchter- und Vogelliebhaber Bund) and R\u00d6K (Rassezuchtverband \u00f6sterreichischer Kleintierz\u00fcchter). At my local club, I am a board member, branch leader and Ringkatasterf\u00fchrer.<\/p>\n<p>[\/et_pb_text][\/et_pb_column][et_pb_column type=&#8221;1_3&#8243;][et_pb_image admin_label=&#8221;Image&#8221; src=&#8221;https:\/\/re-scha.de\/wp-content\/uploads\/2014\/11\/glatz1.jpg&#8221; show_in_lightbox=&#8221;off&#8221; url_new_window=&#8221;off&#8221; animation=&#8221;left&#8221; \/][et_pb_image admin_label=&#8221;Image&#8221; src=&#8221;https:\/\/re-scha.de\/wp-content\/uploads\/2014\/11\/glatz2.jpg&#8221; show_in_lightbox=&#8221;off&#8221; url_new_window=&#8221;off&#8221; animation=&#8221;left&#8221; \/][et_pb_text admin_label=&#8221;Text&#8221; background_layout=&#8221;light&#8221; text_orientation=&#8221;left&#8221;]See also my website: <a href=\"http:\/\/www.schauwellensittiche-glatz.net\" target=\"_blank\"><strong>www.schauwellensittiche-glatz.net<\/strong><\/a>[\/et_pb_text][\/et_pb_column][\/et_pb_row][\/et_pb_section]<\/p>\n","protected":false},"excerpt":{"rendered":"<p><div class=\"et_pb_section et_pb_section_0 et_section_regular\" >\n\t\t\t\t\n\t\t\t\t\n\t\t\t\t\n\t\t\t\t\n\t\t\t\t\n\t\t\t\t\n\t\t\t\t\n\t\t\t\t\n\t\t\t\t\n\t\t\t<\/div><div class=\"et_pb_row et_pb_row_0 et_pb_row_empty\">\n\t\t\t\t\n\t\t\t\t\n\t\t\t\t\n\t\t\t\t\n\t\t\t\t\n\t\t\t<\/div> Markus Glatz from Austria: perfectly healthy budgies Polyoma virus attacks are a thing of the past Polyoma virus attacks are a thing of the pastMy name is Markus Glatz, since 1999 I&#8217;ve been breeding budgies. I have always paid attention to a healthy, natural diet, and until 2009 it all went smoothly. In 2010, [&hellip;]<\/p>\n","protected":false},"author":1,"featured_media":0,"parent":0,"menu_order":0,"comment_status":"closed","ping_status":"closed","template":"","meta":{"_et_pb_use_builder":"on","_et_pb_old_content":"","_et_gb_content_width":"","footnotes":""},"class_list":["post-825","page","type-page","status-publish","hentry"],"_links":{"self":[{"href":"https:\/\/re-scha.de\/en\/wp-json\/wp\/v2\/pages\/825","targetHints":{"allow":["GET"]}}],"collection":[{"href":"https:\/\/re-scha.de\/en\/wp-json\/wp\/v2\/pages"}],"about":[{"href":"https:\/\/re-scha.de\/en\/wp-json\/wp\/v2\/types\/page"}],"author":[{"embeddable":true,"href":"https:\/\/re-scha.de\/en\/wp-json\/wp\/v2\/users\/1"}],"replies":[{"embeddable":true,"href":"https:\/\/re-scha.de\/en\/wp-json\/wp\/v2\/comments?post=825"}],"version-history":[{"count":1,"href":"https:\/\/re-scha.de\/en\/wp-json\/wp\/v2\/pages\/825\/revisions"}],"predecessor-version":[{"id":827,"href":"https:\/\/re-scha.de\/en\/wp-json\/wp\/v2\/pages\/825\/revisions\/827"}],"wp:attachment":[{"href":"https:\/\/re-scha.de\/en\/wp-json\/wp\/v2\/media?parent=825"}],"curies":[{"name":"wp","href":"https:\/\/api.w.org\/{rel}","templated":true}]}}